{"id":685,"date":"2021-09-08T15:57:52","date_gmt":"2021-09-08T15:57:52","guid":{"rendered":"https:\/\/zmwojnowice.pl\/?page_id=685"},"modified":"2021-09-09T11:52:25","modified_gmt":"2021-09-09T11:52:25","slug":"kontakt","status":"publish","type":"page","link":"https:\/\/zmwojnowice.pl\/en\/kontakt\/","title":{"rendered":"Contact"},"content":{"rendered":"<p>[et_pb_section fb_built=&#8221;1&#8243; _builder_version=&#8221;4.10.3&#8243; background_color=&#8221;#f7f7f7&#8243; background_enable_image=&#8221;off&#8221; custom_padding=&#8221;50px||50px||false|false&#8221; global_colors_info=&#8221;{}&#8221;][et_pb_row _builder_version=&#8221;4.10.3&#8243; custom_padding=&#8221;0px||0px||false|false&#8221; global_colors_info=&#8221;{}&#8221;][et_pb_column type=&#8221;4_4&#8243; _builder_version=&#8221;4.4.0&#8243; global_colors_info=&#8221;{}&#8221;][et_pb_text admin_label=&#8221;Tekst&#8221; module_class=&#8221;naglowekstrona&#8221; _builder_version=&#8221;4.10.3&#8243; custom_margin=&#8221;||0px||false|false&#8221; custom_padding=&#8221;||0px||false|false&#8221; global_colors_info=&#8221;{}&#8221;]<\/p>\n<h4><span><span><a href=\"https:\/\/zmwojnowice.pl\/en\/\">Strona g\u0142\u00f3wna<\/a><\/span><\/span><\/h4>\n<p>[\/et_pb_text][et_pb_text module_id=&#8221;naglowekh1&#8243; _builder_version=&#8221;4.4.0&#8243; _dynamic_attributes=&#8221;content&#8221; global_colors_info=&#8221;{}&#8221;]@ET-DC@eyJkeW5hbWljIjp0cnVlLCJjb250ZW50IjoicG9zdF90aXRsZSIsInNldHRpbmdzIjp7ImJlZm9yZSI6IjxoMT4iLCJhZnRlciI6IjwvaDE+In19@[\/et_pb_text][\/et_pb_column][\/et_pb_row][\/et_pb_section][et_pb_section fb_built=&#8221;1&#8243; custom_padding_last_edited=&#8221;on|tablet&#8221; _builder_version=&#8221;4.10.3&#8243; custom_padding=&#8221;150px||150px||false|false&#8221; custom_padding_tablet=&#8221;75px||75px||false|false&#8221; custom_padding_phone=&#8221;50px||50px||false|false&#8221; global_colors_info=&#8221;{}&#8221;][et_pb_row custom_padding_last_edited=&#8221;on|desktop&#8221; _builder_version=&#8221;4.10.3&#8243; custom_padding=&#8221;0px||0px||false|false&#8221; custom_padding_tablet=&#8221;0px||0px||false|false&#8221; custom_padding_phone=&#8221;0px||0px||false|false&#8221; global_colors_info=&#8221;{}&#8221;][et_pb_column type=&#8221;4_4&#8243; _builder_version=&#8221;3.27.3&#8243; global_colors_info=&#8221;{}&#8221;][et_pb_code _builder_version=&#8221;4.10.3&#8243; global_colors_info=&#8221;{}&#8221;]<iframe loading=\"lazy\" src=\"https:\/\/snazzymaps.com\/embed\/337400\" width=\"100%\" height=\"350px\" style=\"border:none;\"><\/iframe>[\/et_pb_code][\/et_pb_column][\/et_pb_row][et_pb_row column_structure=&#8221;1_3,1_3,1_3&#8243; _builder_version=&#8221;4.10.3&#8243; custom_margin=&#8221;0px||0px||false|false&#8221; custom_padding=&#8221;50px||0px||false|false&#8221; global_colors_info=&#8221;{}&#8221;][et_pb_column type=&#8221;1_3&#8243; _builder_version=&#8221;3.27.3&#8243; global_colors_info=&#8221;{}&#8221;][et_pb_text admin_label=&#8221;Tekst&#8221; _builder_version=&#8221;4.10.3&#8243; global_colors_info=&#8221;{}&#8221;]<\/p>\n<h4>ZM Wojnowice<\/h4>\n<p>ul. \u0141agiewska 60,<br \/>\n64-330 Wojnowice[\/et_pb_text][\/et_pb_column][et_pb_column type=&#8221;1_3&#8243; _builder_version=&#8221;3.27.3&#8243; global_colors_info=&#8221;{}&#8221;][et_pb_text _builder_version=&#8221;4.10.3&#8243; global_colors_info=&#8221;{}&#8221;]<\/p>\n<h4>Phone<\/h4>\n<p><a href=\"tel:+48 602 137 217\">+48 602 137 217<\/a><br \/>\n<a href=\"tel:+48 696 445 245\">+48 696 445 245<\/a>[\/et_pb_text][\/et_pb_column][et_pb_column type=&#8221;1_3&#8243; _builder_version=&#8221;3.27.3&#8243; global_colors_info=&#8221;{}&#8221;][et_pb_text _builder_version=&#8221;4.10.3&#8243; global_colors_info=&#8221;{}&#8221;]<\/p>\n<h4>E-mail<\/h4>\n<p><a href=\"mailto:biuro@zmwojnowice.pl\">biuro@zmwojnowice.pl<\/a><br \/>\n&nbsp;[\/et_pb_text][\/et_pb_column][\/et_pb_row][et_pb_row _builder_version=&#8221;4.10.3&#8243; _module_preset=&#8221;default&#8221; custom_margin=&#8221;||0px||false|false&#8221; custom_padding=&#8221;150px||0px||false|false&#8221; hover_enabled=&#8221;0&#8243; global_colors_info=&#8221;{}&#8221; custom_padding_last_edited=&#8221;on|phone&#8221; sticky_enabled=&#8221;0&#8243; custom_padding_tablet=&#8221;100px||||false|false&#8221; custom_padding_phone=&#8221;50px||||false|false&#8221;][et_pb_column type=&#8221;4_4&#8243; _builder_version=&#8221;4.10.3&#8243; _module_preset=&#8221;default&#8221; global_colors_info=&#8221;{}&#8221;][et_pb_text admin_label=&#8221;Tekst&#8221; module_class=&#8221;naglowek&#8221; _builder_version=&#8221;4.10.3&#8243; custom_margin=&#8221;0px||0px||false|false&#8221; custom_padding=&#8221;0px||50px||false|false&#8221; custom_padding_tablet=&#8221;||50px||false|false&#8221; custom_padding_phone=&#8221;0px||30px||false|false&#8221; custom_padding_last_edited=&#8221;on|desktop&#8221; hover_enabled=&#8221;0&#8243; global_colors_info=&#8221;{}&#8221; sticky_enabled=&#8221;0&#8243;]<\/p>\n<h3>Contact form<\/h3>\n<p>[\/et_pb_text][et_pb_contact_form captcha=&#8221;off&#8221; email=&#8221;office@kabatextile.com&#8221; custom_message=&#8221;Imi\u0119 i nazwisko: %%Name%%||et_pb_line_break_holder||Firma: %%Company%%||et_pb_line_break_holder||E-mail: %%Email%%||et_pb_line_break_holder||Telefon: %%Phone%%||et_pb_line_break_holder||||et_pb_line_break_holder||Tre\u015b\u0107 wiadomo\u015bci||et_pb_line_break_holder||%%Message%%&#8221; success_message=&#8221;Dzi\u0119kujemy, Twoja wiadomo\u015b\u0107 zosta\u0142a wys\u0142ana!&#8221; submit_button_text=&#8221;Wy\u015blij&#8221; admin_label=&#8221;Formularz kontaktowy&#8221; _builder_version=&#8221;4.10.3&#8243; custom_button=&#8221;on&#8221; button_icon=&#8221;%%3%%&#8221; button_on_hover=&#8221;off&#8221; global_colors_info=&#8221;{}&#8221;][et_pb_contact_field field_id=&#8221;Name&#8221; field_title=&#8221;Imi\u0119&#8221; _builder_version=&#8221;4.9.0&#8243; global_colors_info=&#8221;{}&#8221; button_text_size__hover_enabled=&#8221;off&#8221; button_one_text_size__hover_enabled=&#8221;off&#8221; button_two_text_size__hover_enabled=&#8221;off&#8221; button_text_color__hover_enabled=&#8221;off&#8221; button_one_text_color__hover_enabled=&#8221;off&#8221; button_two_text_color__hover_enabled=&#8221;off&#8221; button_border_width__hover_enabled=&#8221;off&#8221; button_one_border_width__hover_enabled=&#8221;off&#8221; button_two_border_width__hover_enabled=&#8221;off&#8221; button_border_color__hover_enabled=&#8221;off&#8221; button_one_border_color__hover_enabled=&#8221;off&#8221; button_two_border_color__hover_enabled=&#8221;off&#8221; button_border_radius__hover_enabled=&#8221;off&#8221; button_one_border_radius__hover_enabled=&#8221;off&#8221; button_two_border_radius__hover_enabled=&#8221;off&#8221; button_letter_spacing__hover_enabled=&#8221;off&#8221; button_one_letter_spacing__hover_enabled=&#8221;off&#8221; button_two_letter_spacing__hover_enabled=&#8221;off&#8221; button_bg_color__hover_enabled=&#8221;off&#8221; button_one_bg_color__hover_enabled=&#8221;off&#8221; button_two_bg_color__hover_enabled=&#8221;off&#8221;][\/et_pb_contact_field][et_pb_contact_field field_id=&#8221;Company&#8221; field_title=&#8221;Nazwa firmy&#8221; required_mark=&#8221;off&#8221; _builder_version=&#8221;4.9.0&#8243; global_colors_info=&#8221;{}&#8221;][\/et_pb_contact_field][et_pb_contact_field field_id=&#8221;Email&#8221; field_title=&#8221;E-mail&#8221; field_type=&#8221;email&#8221; _builder_version=&#8221;4.9.0&#8243; global_colors_info=&#8221;{}&#8221; button_text_size__hover_enabled=&#8221;off&#8221; button_one_text_size__hover_enabled=&#8221;off&#8221; button_two_text_size__hover_enabled=&#8221;off&#8221; button_text_color__hover_enabled=&#8221;off&#8221; button_one_text_color__hover_enabled=&#8221;off&#8221; button_two_text_color__hover_enabled=&#8221;off&#8221; button_border_width__hover_enabled=&#8221;off&#8221; button_one_border_width__hover_enabled=&#8221;off&#8221; button_two_border_width__hover_enabled=&#8221;off&#8221; button_border_color__hover_enabled=&#8221;off&#8221; button_one_border_color__hover_enabled=&#8221;off&#8221; button_two_border_color__hover_enabled=&#8221;off&#8221; button_border_radius__hover_enabled=&#8221;off&#8221; button_one_border_radius__hover_enabled=&#8221;off&#8221; button_two_border_radius__hover_enabled=&#8221;off&#8221; button_letter_spacing__hover_enabled=&#8221;off&#8221; button_one_letter_spacing__hover_enabled=&#8221;off&#8221; button_two_letter_spacing__hover_enabled=&#8221;off&#8221; button_bg_color__hover_enabled=&#8221;off&#8221; button_one_bg_color__hover_enabled=&#8221;off&#8221; button_two_bg_color__hover_enabled=&#8221;off&#8221;][\/et_pb_contact_field][et_pb_contact_field field_id=&#8221;Phone&#8221; field_title=&#8221;Telefon&#8221; min_length=&#8221;7&#8243; max_length=&#8221;12&#8243; allowed_symbols=&#8221;numbers&#8221; required_mark=&#8221;off&#8221; _builder_version=&#8221;4.9.0&#8243; global_colors_info=&#8221;{}&#8221; button_text_size__hover_enabled=&#8221;off&#8221; button_one_text_size__hover_enabled=&#8221;off&#8221; button_two_text_size__hover_enabled=&#8221;off&#8221; button_text_color__hover_enabled=&#8221;off&#8221; button_one_text_color__hover_enabled=&#8221;off&#8221; button_two_text_color__hover_enabled=&#8221;off&#8221; button_border_width__hover_enabled=&#8221;off&#8221; button_one_border_width__hover_enabled=&#8221;off&#8221; button_two_border_width__hover_enabled=&#8221;off&#8221; button_border_color__hover_enabled=&#8221;off&#8221; button_one_border_color__hover_enabled=&#8221;off&#8221; button_two_border_color__hover_enabled=&#8221;off&#8221; button_border_radius__hover_enabled=&#8221;off&#8221; button_one_border_radius__hover_enabled=&#8221;off&#8221; button_two_border_radius__hover_enabled=&#8221;off&#8221; button_letter_spacing__hover_enabled=&#8221;off&#8221; button_one_letter_spacing__hover_enabled=&#8221;off&#8221; button_two_letter_spacing__hover_enabled=&#8221;off&#8221; button_bg_color__hover_enabled=&#8221;off&#8221; button_one_bg_color__hover_enabled=&#8221;off&#8221; button_two_bg_color__hover_enabled=&#8221;off&#8221;][\/et_pb_contact_field][et_pb_contact_field field_id=&#8221;Message&#8221; field_title=&#8221;Tre\u015b\u0107 wiadomo\u015bci&#8221; field_type=&#8221;text&#8221; fullwidth_field=&#8221;on&#8221; _builder_version=&#8221;4.9.0&#8243; global_colors_info=&#8221;{}&#8221; button_text_size__hover_enabled=&#8221;off&#8221; button_one_text_size__hover_enabled=&#8221;off&#8221; button_two_text_size__hover_enabled=&#8221;off&#8221; button_text_color__hover_enabled=&#8221;off&#8221; button_one_text_color__hover_enabled=&#8221;off&#8221; button_two_text_color__hover_enabled=&#8221;off&#8221; button_border_width__hover_enabled=&#8221;off&#8221; button_one_border_width__hover_enabled=&#8221;off&#8221; button_two_border_width__hover_enabled=&#8221;off&#8221; button_border_color__hover_enabled=&#8221;off&#8221; button_one_border_color__hover_enabled=&#8221;off&#8221; button_two_border_color__hover_enabled=&#8221;off&#8221; button_border_radius__hover_enabled=&#8221;off&#8221; button_one_border_radius__hover_enabled=&#8221;off&#8221; button_two_border_radius__hover_enabled=&#8221;off&#8221; button_letter_spacing__hover_enabled=&#8221;off&#8221; button_one_letter_spacing__hover_enabled=&#8221;off&#8221; button_two_letter_spacing__hover_enabled=&#8221;off&#8221; button_bg_color__hover_enabled=&#8221;off&#8221; button_one_bg_color__hover_enabled=&#8221;off&#8221; button_two_bg_color__hover_enabled=&#8221;off&#8221;][\/et_pb_contact_field][\/et_pb_contact_form][\/et_pb_column][\/et_pb_row][\/et_pb_section]<\/p>","protected":false},"excerpt":{"rendered":"<p><span><span><a href=\"https:\/\/zmwojnowice.pl\/en\/\">Strona g\u0142\u00f3wna<\/a><\/span><\/span>ZM Wojnowice ul. \u0141agiewska 60, 64-330 WojnowiceTelefon +48 602 137 217 +48 696 445 245E-mail biuro@zmwojnowice.pl &nbsp;Formularz kontaktowy<\/p>","protected":false},"author":1,"featured_media":0,"parent":0,"menu_order":0,"comment_status":"closed","ping_status":"closed","template":"","meta":{"_et_pb_use_builder":"on","_et_pb_old_content":"","_et_gb_content_width":"","footnotes":""},"class_list":["post-685","page","type-page","status-publish","hentry"],"yoast_head":"<!-- This site is optimized with the Yoast SEO plugin v26.6 - https:\/\/yoast.com\/wordpress\/plugins\/seo\/ -->\n<title>Kontakt - Naturalne gryzaki dla ps&oacute;w<\/title>\n<meta name=\"description\" content=\"Producent naturalnych gryzak\u00f3w drobiowych, wieprzowych i wo\u0142owych dla ps\u00f3w. Zdrowa, pozbawiona konserwant\u00f3w i barwnik\u00f3w przek\u0105ska dla Twojego psa.\" \/>\n<meta name=\"robots\" content=\"index, follow, max-snippet:-1, max-image-preview:large, max-video-preview:-1\" \/>\n<link rel=\"canonical\" href=\"https:\/\/zmwojnowice.pl\/en\/kontakt\/\" \/>\n<meta property=\"og:locale\" content=\"en_GB\" \/>\n<meta property=\"og:type\" content=\"article\" \/>\n<meta property=\"og:title\" content=\"Kontakt - Naturalne gryzaki dla ps&oacute;w\" \/>\n<meta property=\"og:description\" content=\"Producent naturalnych gryzak\u00f3w drobiowych, wieprzowych i wo\u0142owych dla ps\u00f3w. Zdrowa, pozbawiona konserwant\u00f3w i barwnik\u00f3w przek\u0105ska dla Twojego psa.\" \/>\n<meta property=\"og:url\" content=\"https:\/\/zmwojnowice.pl\/en\/kontakt\/\" \/>\n<meta property=\"og:site_name\" content=\"Naturalne gryzaki dla ps&oacute;w\" \/>\n<meta property=\"article:modified_time\" content=\"2021-09-09T11:52:25+00:00\" \/>\n<meta name=\"twitter:card\" content=\"summary_large_image\" \/>\n<meta name=\"twitter:label1\" content=\"Estimated reading time\" \/>\n\t<meta name=\"twitter:data1\" content=\"6 minutes\" \/>\n<script type=\"application\/ld+json\" class=\"yoast-schema-graph\">{\"@context\":\"https:\/\/schema.org\",\"@graph\":[{\"@type\":\"WebPage\",\"@id\":\"https:\/\/zmwojnowice.pl\/kontakt\/\",\"url\":\"https:\/\/zmwojnowice.pl\/kontakt\/\",\"name\":\"Kontakt - Naturalne gryzaki dla ps&oacute;w\",\"isPartOf\":{\"@id\":\"https:\/\/zmwojnowice.pl\/en\/#website\"},\"datePublished\":\"2021-09-08T15:57:52+00:00\",\"dateModified\":\"2021-09-09T11:52:25+00:00\",\"description\":\"Producent naturalnych gryzak\u00f3w drobiowych, wieprzowych i wo\u0142owych dla ps\u00f3w. Zdrowa, pozbawiona konserwant\u00f3w i barwnik\u00f3w przek\u0105ska dla Twojego psa.\",\"breadcrumb\":{\"@id\":\"https:\/\/zmwojnowice.pl\/kontakt\/#breadcrumb\"},\"inLanguage\":\"en-GB\",\"potentialAction\":[{\"@type\":\"ReadAction\",\"target\":[\"https:\/\/zmwojnowice.pl\/kontakt\/\"]}]},{\"@type\":\"BreadcrumbList\",\"@id\":\"https:\/\/zmwojnowice.pl\/kontakt\/#breadcrumb\",\"itemListElement\":[{\"@type\":\"ListItem\",\"position\":1,\"name\":\"Strona g\u0142\u00f3wna\",\"item\":\"https:\/\/zmwojnowice.pl\/en\/\"},{\"@type\":\"ListItem\",\"position\":2,\"name\":\"Kontakt\"}]},{\"@type\":\"WebSite\",\"@id\":\"https:\/\/zmwojnowice.pl\/en\/#website\",\"url\":\"https:\/\/zmwojnowice.pl\/en\/\",\"name\":\"Naturalne gryzaki dla ps\u00f3w\",\"description\":\"Zak\u0142ady mi\u0119sne Wojnowice produkuje wielowarto\u015bciowe, pozbawione ulepszaczy i konserwant&oacute;w naturalne przysmaki dla ps&oacute;w. Produkty najwy\u017cszej jako\u015bci pochodz\u0105ce z Polski dla Twojego psa.\",\"publisher\":{\"@id\":\"https:\/\/zmwojnowice.pl\/en\/#organization\"},\"potentialAction\":[{\"@type\":\"SearchAction\",\"target\":{\"@type\":\"EntryPoint\",\"urlTemplate\":\"https:\/\/zmwojnowice.pl\/en\/?s={search_term_string}\"},\"query-input\":{\"@type\":\"PropertyValueSpecification\",\"valueRequired\":true,\"valueName\":\"search_term_string\"}}],\"inLanguage\":\"en-GB\"},{\"@type\":\"Organization\",\"@id\":\"https:\/\/zmwojnowice.pl\/en\/#organization\",\"name\":\"Zak\u0142ady Mi\u0119sne Wojnowice\",\"url\":\"https:\/\/zmwojnowice.pl\/en\/\",\"logo\":{\"@type\":\"ImageObject\",\"inLanguage\":\"en-GB\",\"@id\":\"https:\/\/zmwojnowice.pl\/en\/#\/schema\/logo\/image\/\",\"url\":\"http:\/\/zmwojnowice.pl\/wp-content\/uploads\/2021\/09\/logo.jpg\",\"contentUrl\":\"http:\/\/zmwojnowice.pl\/wp-content\/uploads\/2021\/09\/logo.jpg\",\"width\":1000,\"height\":1000,\"caption\":\"Zak\u0142ady Mi\u0119sne Wojnowice\"},\"image\":{\"@id\":\"https:\/\/zmwojnowice.pl\/en\/#\/schema\/logo\/image\/\"}}]}<\/script>\n<!-- \/ Yoast SEO plugin. -->","yoast_head_json":{"title":"Kontakt - Naturalne gryzaki dla ps&oacute;w","description":"Manufacturer of natural poultry, pork and beef chews for dogs. A healthy, preservative and dye free snack for your dog.","robots":{"index":"index","follow":"follow","max-snippet":"max-snippet:-1","max-image-preview":"max-image-preview:large","max-video-preview":"max-video-preview:-1"},"canonical":"https:\/\/zmwojnowice.pl\/en\/kontakt\/","og_locale":"en_GB","og_type":"article","og_title":"Kontakt - Naturalne gryzaki dla ps&oacute;w","og_description":"Producent naturalnych gryzak\u00f3w drobiowych, wieprzowych i wo\u0142owych dla ps\u00f3w. Zdrowa, pozbawiona konserwant\u00f3w i barwnik\u00f3w przek\u0105ska dla Twojego psa.","og_url":"https:\/\/zmwojnowice.pl\/en\/kontakt\/","og_site_name":"Naturalne gryzaki dla ps&oacute;w","article_modified_time":"2021-09-09T11:52:25+00:00","twitter_card":"summary_large_image","twitter_misc":{"Estimated reading time":"6 minutes"},"schema":{"@context":"https:\/\/schema.org","@graph":[{"@type":"WebPage","@id":"https:\/\/zmwojnowice.pl\/kontakt\/","url":"https:\/\/zmwojnowice.pl\/kontakt\/","name":"Kontakt - Naturalne gryzaki dla ps&oacute;w","isPartOf":{"@id":"https:\/\/zmwojnowice.pl\/en\/#website"},"datePublished":"2021-09-08T15:57:52+00:00","dateModified":"2021-09-09T11:52:25+00:00","description":"Manufacturer of natural poultry, pork and beef chews for dogs. A healthy, preservative and dye free snack for your dog.","breadcrumb":{"@id":"https:\/\/zmwojnowice.pl\/kontakt\/#breadcrumb"},"inLanguage":"en-GB","potentialAction":[{"@type":"ReadAction","target":["https:\/\/zmwojnowice.pl\/kontakt\/"]}]},{"@type":"BreadcrumbList","@id":"https:\/\/zmwojnowice.pl\/kontakt\/#breadcrumb","itemListElement":[{"@type":"ListItem","position":1,"name":"Strona g\u0142\u00f3wna","item":"https:\/\/zmwojnowice.pl\/en\/"},{"@type":"ListItem","position":2,"name":"Kontakt"}]},{"@type":"WebSite","@id":"https:\/\/zmwojnowice.pl\/en\/#website","url":"https:\/\/zmwojnowice.pl\/en\/","name":"Natural dog chews","description":"Zak\u0142ady mi\u0119sne Wojnowice produkuje wielowarto\u015bciowe, pozbawione ulepszaczy i konserwant&oacute;w naturalne przysmaki dla ps&oacute;w. Produkty najwy\u017cszej jako\u015bci pochodz\u0105ce z Polski dla Twojego psa.","publisher":{"@id":"https:\/\/zmwojnowice.pl\/en\/#organization"},"potentialAction":[{"@type":"SearchAction","target":{"@type":"EntryPoint","urlTemplate":"https:\/\/zmwojnowice.pl\/en\/?s={search_term_string}"},"query-input":{"@type":"PropertyValueSpecification","valueRequired":true,"valueName":"search_term_string"}}],"inLanguage":"en-GB"},{"@type":"Organization","@id":"https:\/\/zmwojnowice.pl\/en\/#organization","name":"Zak\u0142ady Mi\u0119sne Wojnowice","url":"https:\/\/zmwojnowice.pl\/en\/","logo":{"@type":"ImageObject","inLanguage":"en-GB","@id":"https:\/\/zmwojnowice.pl\/en\/#\/schema\/logo\/image\/","url":"http:\/\/zmwojnowice.pl\/wp-content\/uploads\/2021\/09\/logo.jpg","contentUrl":"http:\/\/zmwojnowice.pl\/wp-content\/uploads\/2021\/09\/logo.jpg","width":1000,"height":1000,"caption":"Zak\u0142ady Mi\u0119sne Wojnowice"},"image":{"@id":"https:\/\/zmwojnowice.pl\/en\/#\/schema\/logo\/image\/"}}]}},"_links":{"self":[{"href":"https:\/\/zmwojnowice.pl\/en\/wp-json\/wp\/v2\/pages\/685","targetHints":{"allow":["GET"]}}],"collection":[{"href":"https:\/\/zmwojnowice.pl\/en\/wp-json\/wp\/v2\/pages"}],"about":[{"href":"https:\/\/zmwojnowice.pl\/en\/wp-json\/wp\/v2\/types\/page"}],"author":[{"embeddable":true,"href":"https:\/\/zmwojnowice.pl\/en\/wp-json\/wp\/v2\/users\/1"}],"replies":[{"embeddable":true,"href":"https:\/\/zmwojnowice.pl\/en\/wp-json\/wp\/v2\/comments?post=685"}],"version-history":[{"count":22,"href":"https:\/\/zmwojnowice.pl\/en\/wp-json\/wp\/v2\/pages\/685\/revisions"}],"predecessor-version":[{"id":879,"href":"https:\/\/zmwojnowice.pl\/en\/wp-json\/wp\/v2\/pages\/685\/revisions\/879"}],"wp:attachment":[{"href":"https:\/\/zmwojnowice.pl\/en\/wp-json\/wp\/v2\/media?parent=685"}],"curies":[{"name":"wp","href":"https:\/\/api.w.org\/{rel}","templated":true}]}}