{"id":231,"date":"2021-09-02T12:43:09","date_gmt":"2021-09-02T12:43:09","guid":{"rendered":"https:\/\/zmwojnowice.pl\/?post_type=product&#038;p=231"},"modified":"2021-09-09T09:11:49","modified_gmt":"2021-09-09T09:11:49","slug":"pluco-wolowe","status":"publish","type":"product","link":"https:\/\/zmwojnowice.pl\/en\/product\/pluco-wolowe\/","title":{"rendered":"Beef lungs"},"content":{"rendered":"","protected":false},"excerpt":{"rendered":"","protected":false},"featured_media":232,"comment_status":"open","ping_status":"closed","template":"","meta":{"_et_pb_use_builder":"","_et_pb_old_content":"","_et_gb_content_width":""},"product_brand":[],"product_cat":[20],"product_tag":[],"class_list":{"0":"post-231","1":"product","2":"type-product","3":"status-publish","4":"has-post-thumbnail","6":"product_cat-wolowina","8":"first","9":"instock","10":"shipping-taxable","11":"product-type-simple"},"yoast_head":"<!-- This site is optimized with the Yoast SEO plugin v26.6 - https:\/\/yoast.com\/wordpress\/plugins\/seo\/ -->\n<title>P\u0142uco wo\u0142owe - Naturalne gryzaki dla ps&oacute;w<\/title>\n<meta name=\"robots\" content=\"index, follow, max-snippet:-1, max-image-preview:large, max-video-preview:-1\" \/>\n<link rel=\"canonical\" href=\"https:\/\/zmwojnowice.pl\/en\/product\/pluco-wolowe\/\" \/>\n<meta property=\"og:locale\" content=\"en_GB\" \/>\n<meta property=\"og:type\" content=\"article\" \/>\n<meta property=\"og:title\" content=\"P\u0142uco wo\u0142owe - Naturalne gryzaki dla ps&oacute;w\" \/>\n<meta property=\"og:url\" content=\"https:\/\/zmwojnowice.pl\/en\/product\/pluco-wolowe\/\" \/>\n<meta property=\"og:site_name\" content=\"Naturalne gryzaki dla ps&oacute;w\" \/>\n<meta property=\"article:modified_time\" content=\"2021-09-09T09:11:49+00:00\" \/>\n<meta property=\"og:image\" content=\"https:\/\/zmwojnowice.pl\/wp-content\/uploads\/2021\/09\/pluco.jpg\" \/>\n\t<meta property=\"og:image:width\" content=\"1400\" \/>\n\t<meta property=\"og:image:height\" content=\"933\" \/>\n\t<meta property=\"og:image:type\" content=\"image\/jpeg\" \/>\n<meta name=\"twitter:card\" content=\"summary_large_image\" \/>\n<script type=\"application\/ld+json\" class=\"yoast-schema-graph\">{\"@context\":\"https:\/\/schema.org\",\"@graph\":[{\"@type\":\"WebPage\",\"@id\":\"https:\/\/zmwojnowice.pl\/en\/product\/pluco-wolowe\/\",\"url\":\"https:\/\/zmwojnowice.pl\/en\/product\/pluco-wolowe\/\",\"name\":\"P\u0142uco wo\u0142owe - Naturalne gryzaki dla ps&oacute;w\",\"isPartOf\":{\"@id\":\"https:\/\/zmwojnowice.pl\/en\/#website\"},\"primaryImageOfPage\":{\"@id\":\"https:\/\/zmwojnowice.pl\/en\/product\/pluco-wolowe\/#primaryimage\"},\"image\":{\"@id\":\"https:\/\/zmwojnowice.pl\/en\/product\/pluco-wolowe\/#primaryimage\"},\"thumbnailUrl\":\"https:\/\/zmwojnowice.pl\/wp-content\/uploads\/2021\/09\/pluco.jpg\",\"datePublished\":\"2021-09-02T12:43:09+00:00\",\"dateModified\":\"2021-09-09T09:11:49+00:00\",\"breadcrumb\":{\"@id\":\"https:\/\/zmwojnowice.pl\/en\/product\/pluco-wolowe\/#breadcrumb\"},\"inLanguage\":\"en-GB\",\"potentialAction\":[{\"@type\":\"ReadAction\",\"target\":[\"https:\/\/zmwojnowice.pl\/en\/product\/pluco-wolowe\/\"]}]},{\"@type\":\"ImageObject\",\"inLanguage\":\"en-GB\",\"@id\":\"https:\/\/zmwojnowice.pl\/en\/product\/pluco-wolowe\/#primaryimage\",\"url\":\"https:\/\/zmwojnowice.pl\/wp-content\/uploads\/2021\/09\/pluco.jpg\",\"contentUrl\":\"https:\/\/zmwojnowice.pl\/wp-content\/uploads\/2021\/09\/pluco.jpg\",\"width\":1400,\"height\":933,\"caption\":\"P\u0142uco Wo\u0142owe\"},{\"@type\":\"BreadcrumbList\",\"@id\":\"https:\/\/zmwojnowice.pl\/en\/product\/pluco-wolowe\/#breadcrumb\",\"itemListElement\":[{\"@type\":\"ListItem\",\"position\":1,\"name\":\"Strona g\u0142\u00f3wna\",\"item\":\"https:\/\/zmwojnowice.pl\/en\/\"},{\"@type\":\"ListItem\",\"position\":2,\"name\":\"Produkty\",\"item\":\"https:\/\/zmwojnowice.pl\/en\/produkty\/\"},{\"@type\":\"ListItem\",\"position\":3,\"name\":\"P\u0142uco wo\u0142owe\"}]},{\"@type\":\"WebSite\",\"@id\":\"https:\/\/zmwojnowice.pl\/en\/#website\",\"url\":\"https:\/\/zmwojnowice.pl\/en\/\",\"name\":\"Naturalne gryzaki dla ps\u00f3w\",\"description\":\"Zak\u0142ady mi\u0119sne Wojnowice produkuje wielowarto\u015bciowe, pozbawione ulepszaczy i konserwant&oacute;w naturalne przysmaki dla ps&oacute;w. Produkty najwy\u017cszej jako\u015bci pochodz\u0105ce z Polski dla Twojego psa.\",\"publisher\":{\"@id\":\"https:\/\/zmwojnowice.pl\/en\/#organization\"},\"potentialAction\":[{\"@type\":\"SearchAction\",\"target\":{\"@type\":\"EntryPoint\",\"urlTemplate\":\"https:\/\/zmwojnowice.pl\/en\/?s={search_term_string}\"},\"query-input\":{\"@type\":\"PropertyValueSpecification\",\"valueRequired\":true,\"valueName\":\"search_term_string\"}}],\"inLanguage\":\"en-GB\"},{\"@type\":\"Organization\",\"@id\":\"https:\/\/zmwojnowice.pl\/en\/#organization\",\"name\":\"Zak\u0142ady Mi\u0119sne Wojnowice\",\"url\":\"https:\/\/zmwojnowice.pl\/en\/\",\"logo\":{\"@type\":\"ImageObject\",\"inLanguage\":\"en-GB\",\"@id\":\"https:\/\/zmwojnowice.pl\/en\/#\/schema\/logo\/image\/\",\"url\":\"http:\/\/zmwojnowice.pl\/wp-content\/uploads\/2021\/09\/logo.jpg\",\"contentUrl\":\"http:\/\/zmwojnowice.pl\/wp-content\/uploads\/2021\/09\/logo.jpg\",\"width\":1000,\"height\":1000,\"caption\":\"Zak\u0142ady Mi\u0119sne Wojnowice\"},\"image\":{\"@id\":\"https:\/\/zmwojnowice.pl\/en\/#\/schema\/logo\/image\/\"}}]}<\/script>\n<!-- \/ Yoast SEO plugin. -->","yoast_head_json":{"title":"P\u0142uco wo\u0142owe - Naturalne gryzaki dla ps&oacute;w","robots":{"index":"index","follow":"follow","max-snippet":"max-snippet:-1","max-image-preview":"max-image-preview:large","max-video-preview":"max-video-preview:-1"},"canonical":"https:\/\/zmwojnowice.pl\/en\/product\/pluco-wolowe\/","og_locale":"en_GB","og_type":"article","og_title":"P\u0142uco wo\u0142owe - Naturalne gryzaki dla ps&oacute;w","og_url":"https:\/\/zmwojnowice.pl\/en\/product\/pluco-wolowe\/","og_site_name":"Naturalne gryzaki dla ps&oacute;w","article_modified_time":"2021-09-09T09:11:49+00:00","og_image":[{"width":1400,"height":933,"url":"https:\/\/zmwojnowice.pl\/wp-content\/uploads\/2021\/09\/pluco.jpg","type":"image\/jpeg"}],"twitter_card":"summary_large_image","schema":{"@context":"https:\/\/schema.org","@graph":[{"@type":"WebPage","@id":"https:\/\/zmwojnowice.pl\/en\/product\/pluco-wolowe\/","url":"https:\/\/zmwojnowice.pl\/en\/product\/pluco-wolowe\/","name":"P\u0142uco wo\u0142owe - Naturalne gryzaki dla ps&oacute;w","isPartOf":{"@id":"https:\/\/zmwojnowice.pl\/en\/#website"},"primaryImageOfPage":{"@id":"https:\/\/zmwojnowice.pl\/en\/product\/pluco-wolowe\/#primaryimage"},"image":{"@id":"https:\/\/zmwojnowice.pl\/en\/product\/pluco-wolowe\/#primaryimage"},"thumbnailUrl":"https:\/\/zmwojnowice.pl\/wp-content\/uploads\/2021\/09\/pluco.jpg","datePublished":"2021-09-02T12:43:09+00:00","dateModified":"2021-09-09T09:11:49+00:00","breadcrumb":{"@id":"https:\/\/zmwojnowice.pl\/en\/product\/pluco-wolowe\/#breadcrumb"},"inLanguage":"en-GB","potentialAction":[{"@type":"ReadAction","target":["https:\/\/zmwojnowice.pl\/en\/product\/pluco-wolowe\/"]}]},{"@type":"ImageObject","inLanguage":"en-GB","@id":"https:\/\/zmwojnowice.pl\/en\/product\/pluco-wolowe\/#primaryimage","url":"https:\/\/zmwojnowice.pl\/wp-content\/uploads\/2021\/09\/pluco.jpg","contentUrl":"https:\/\/zmwojnowice.pl\/wp-content\/uploads\/2021\/09\/pluco.jpg","width":1400,"height":933,"caption":"P\u0142uco Wo\u0142owe"},{"@type":"BreadcrumbList","@id":"https:\/\/zmwojnowice.pl\/en\/product\/pluco-wolowe\/#breadcrumb","itemListElement":[{"@type":"ListItem","position":1,"name":"Strona g\u0142\u00f3wna","item":"https:\/\/zmwojnowice.pl\/en\/"},{"@type":"ListItem","position":2,"name":"Produkty","item":"https:\/\/zmwojnowice.pl\/en\/produkty\/"},{"@type":"ListItem","position":3,"name":"P\u0142uco wo\u0142owe"}]},{"@type":"WebSite","@id":"https:\/\/zmwojnowice.pl\/en\/#website","url":"https:\/\/zmwojnowice.pl\/en\/","name":"Natural dog chews","description":"Zak\u0142ady mi\u0119sne Wojnowice produkuje wielowarto\u015bciowe, pozbawione ulepszaczy i konserwant&oacute;w naturalne przysmaki dla ps&oacute;w. Produkty najwy\u017cszej jako\u015bci pochodz\u0105ce z Polski dla Twojego psa.","publisher":{"@id":"https:\/\/zmwojnowice.pl\/en\/#organization"},"potentialAction":[{"@type":"SearchAction","target":{"@type":"EntryPoint","urlTemplate":"https:\/\/zmwojnowice.pl\/en\/?s={search_term_string}"},"query-input":{"@type":"PropertyValueSpecification","valueRequired":true,"valueName":"search_term_string"}}],"inLanguage":"en-GB"},{"@type":"Organization","@id":"https:\/\/zmwojnowice.pl\/en\/#organization","name":"Zak\u0142ady Mi\u0119sne Wojnowice","url":"https:\/\/zmwojnowice.pl\/en\/","logo":{"@type":"ImageObject","inLanguage":"en-GB","@id":"https:\/\/zmwojnowice.pl\/en\/#\/schema\/logo\/image\/","url":"http:\/\/zmwojnowice.pl\/wp-content\/uploads\/2021\/09\/logo.jpg","contentUrl":"http:\/\/zmwojnowice.pl\/wp-content\/uploads\/2021\/09\/logo.jpg","width":1000,"height":1000,"caption":"Zak\u0142ady Mi\u0119sne Wojnowice"},"image":{"@id":"https:\/\/zmwojnowice.pl\/en\/#\/schema\/logo\/image\/"}}]}},"_links":{"self":[{"href":"https:\/\/zmwojnowice.pl\/en\/wp-json\/wp\/v2\/product\/231","targetHints":{"allow":["GET"]}}],"collection":[{"href":"https:\/\/zmwojnowice.pl\/en\/wp-json\/wp\/v2\/product"}],"about":[{"href":"https:\/\/zmwojnowice.pl\/en\/wp-json\/wp\/v2\/types\/product"}],"replies":[{"embeddable":true,"href":"https:\/\/zmwojnowice.pl\/en\/wp-json\/wp\/v2\/comments?post=231"}],"wp:featuredmedia":[{"embeddable":true,"href":"https:\/\/zmwojnowice.pl\/en\/wp-json\/wp\/v2\/media\/232"}],"wp:attachment":[{"href":"https:\/\/zmwojnowice.pl\/en\/wp-json\/wp\/v2\/media?parent=231"}],"wp:term":[{"taxonomy":"product_brand","embeddable":true,"href":"https:\/\/zmwojnowice.pl\/en\/wp-json\/wp\/v2\/product_brand?post=231"},{"taxonomy":"product_cat","embeddable":true,"href":"https:\/\/zmwojnowice.pl\/en\/wp-json\/wp\/v2\/product_cat?post=231"},{"taxonomy":"product_tag","embeddable":true,"href":"https:\/\/zmwojnowice.pl\/en\/wp-json\/wp\/v2\/product_tag?post=231"}],"curies":[{"name":"wp","href":"https:\/\/api.w.org\/{rel}","templated":true}]}}